{"id":392,"date":"2025-01-15T18:38:54","date_gmt":"2025-01-15T17:38:54","guid":{"rendered":"https:\/\/xn--dyneducacin-zeb.com.ar\/?page_id=392"},"modified":"2026-02-04T16:50:14","modified_gmt":"2026-02-04T19:50:14","slug":"nuestros-programas-y-servicios","status":"publish","type":"page","link":"https:\/\/dynasesoramientoeducacional.com.ar\/index.php\/nuestros-programas-y-servicios\/","title":{"rendered":"Nuestros Programas y Servicios"},"content":{"rendered":"\t\t<div data-elementor-type=\"wp-page\" data-elementor-id=\"392\" class=\"elementor elementor-392\">\n\t\t\t\t<div class=\"elementor-element elementor-element-64db423c e-con-full e-flex e-con e-parent\" data-id=\"64db423c\" data-element_type=\"container\" data-e-type=\"container\" id=\"next\" data-settings=\"{&quot;background_background&quot;:&quot;classic&quot;}\">\n\t\t\t\t<div class=\"elementor-element elementor-element-490c8240 elementor-widget elementor-widget-heading\" data-id=\"490c8240\" data-element_type=\"widget\" data-e-type=\"widget\" data-widget_type=\"heading.default\">\n\t\t\t\t<div class=\"elementor-widget-container\">\n\t\t\t\t\t<h3 class=\"elementor-heading-title elementor-size-default\">Nuestros Programas y servicios<\/h3>\t\t\t\t<\/div>\n\t\t\t\t<\/div>\n\t\t\t\t<div class=\"elementor-element elementor-element-5f44b16d elementor-widget elementor-widget-heading\" data-id=\"5f44b16d\" data-element_type=\"widget\" data-e-type=\"widget\" data-widget_type=\"heading.default\">\n\t\t\t\t<div class=\"elementor-widget-container\">\n\t\t\t\t\t<p class=\"elementor-heading-title elementor-size-default\">Brindamos asesoramiento educacional personalizado para instituciones educativas y empresas. Trabajamos principalmente con las distintas tem\u00e1ticas que pueden ver a continuaci\u00f3n.<\/p>\t\t\t\t<\/div>\n\t\t\t\t<\/div>\n\t\t<div class=\"elementor-element elementor-element-5757acc e-grid e-con-boxed e-con e-child\" data-id=\"5757acc\" data-element_type=\"container\" data-e-type=\"container\" data-settings=\"{&quot;background_background&quot;:&quot;classic&quot;}\">\n\t\t\t\t\t<div class=\"e-con-inner\">\n\t\t<div class=\"elementor-element elementor-element-48bdfe4 e-con-full e-flex e-con e-child\" data-id=\"48bdfe4\" data-element_type=\"container\" data-e-type=\"container\">\n\t\t\t\t<div class=\"elementor-element elementor-element-31cb667 elementor-position-top elementor-widget elementor-widget-image-box\" data-id=\"31cb667\" data-element_type=\"widget\" data-e-type=\"widget\" data-widget_type=\"image-box.default\">\n\t\t\t\t<div class=\"elementor-widget-container\">\n\t\t\t\t\t<div class=\"elementor-image-box-wrapper\"><figure class=\"elementor-image-box-img\"><a href=\"#\" tabindex=\"-1\"><img decoding=\"async\" width=\"205\" height=\"160\" src=\"http:\/\/dynasesoramientoeducacional.com.ar\/wp-content\/uploads\/2026\/01\/tecnologia.png\" class=\"elementor-animation-grow attachment-full size-full wp-image-1029\" alt=\"\" \/><\/a><\/figure><div class=\"elementor-image-box-content\"><h4 class=\"elementor-image-box-title\"><a href=\"#\">La tecnolog\u00eda digital como consumo problem\u00e1tico y sus buenas pr\u00e1cticas<\/a><\/h4><p class=\"elementor-image-box-description\">Entendemos como una necesidad la utilizaci\u00f3n de tecnolog\u00edas digitales para mejorar el aprendizaje y la ense\u00f1anza. Entendemos que hoy suelen ser un consumo problem\u00e1tico, pero creemos que formarnos en un uso responsable de las tecnolog\u00edas colabora con una educaci\u00f3n de calidad.\n<\/p><\/div><\/div>\t\t\t\t<\/div>\n\t\t\t\t<\/div>\n\t\t\t\t<div class=\"elementor-element elementor-element-e59d43f elementor-widget elementor-widget-heading\" data-id=\"e59d43f\" data-element_type=\"widget\" data-e-type=\"widget\" data-widget_type=\"heading.default\">\n\t\t\t\t<div class=\"elementor-widget-container\">\n\t\t\t\t\t<h3 class=\"elementor-heading-title elementor-size-default\">Ver M\u00e1s<\/h3>\t\t\t\t<\/div>\n\t\t\t\t<\/div>\n\t\t\t\t<\/div>\n\t\t<div class=\"elementor-element elementor-element-6301d12 e-con-full e-flex e-con e-child\" data-id=\"6301d12\" data-element_type=\"container\" data-e-type=\"container\">\n\t\t\t\t<div class=\"elementor-element elementor-element-729c55b elementor-position-top elementor-widget elementor-widget-image-box\" data-id=\"729c55b\" data-element_type=\"widget\" data-e-type=\"widget\" data-widget_type=\"image-box.default\">\n\t\t\t\t<div class=\"elementor-widget-container\">\n\t\t\t\t\t<div class=\"elementor-image-box-wrapper\"><figure class=\"elementor-image-box-img\"><a href=\"#\" tabindex=\"-1\"><img fetchpriority=\"high\" decoding=\"async\" width=\"257\" height=\"249\" src=\"http:\/\/dynasesoramientoeducacional.com.ar\/wp-content\/uploads\/2026\/01\/esi.png\" class=\"elementor-animation-grow attachment-full size-full wp-image-1027\" alt=\"\" \/><\/a><\/figure><div class=\"elementor-image-box-content\"><h4 class=\"elementor-image-box-title\"><a href=\"#\">La ESI como camino a una escuela m\u00e1s afectiva<\/a><\/h4><p class=\"elementor-image-box-description\">Promovemos la aplicaci\u00f3n de la E.S.I. Entendemos a esta ley como una herramienta que promueve el cuidado f\u00edsico y emocional de ni\u00f1os y adolescentes. Queremos formar a los docentes para que avancen en el respeto a la diversidad, que valoren la afectividad, reconozcan la perspectiva de g\u00e9nero, respeten los derechos de ni\u00f1os y adolescentes y los formen en el cuidado de sus cuerpos. <\/p><\/div><\/div>\t\t\t\t<\/div>\n\t\t\t\t<\/div>\n\t\t\t\t<div class=\"elementor-element elementor-element-1bd9fa1 elementor-widget elementor-widget-heading\" data-id=\"1bd9fa1\" data-element_type=\"widget\" data-e-type=\"widget\" data-widget_type=\"heading.default\">\n\t\t\t\t<div class=\"elementor-widget-container\">\n\t\t\t\t\t<h3 class=\"elementor-heading-title elementor-size-default\">Ver M\u00e1s<\/h3>\t\t\t\t<\/div>\n\t\t\t\t<\/div>\n\t\t\t\t<\/div>\n\t\t<div class=\"elementor-element elementor-element-1837ada e-con-full e-flex e-con e-child\" data-id=\"1837ada\" data-element_type=\"container\" data-e-type=\"container\">\n\t\t\t\t<div class=\"elementor-element elementor-element-3680998 elementor-position-top elementor-widget elementor-widget-image-box\" data-id=\"3680998\" data-element_type=\"widget\" data-e-type=\"widget\" data-widget_type=\"image-box.default\">\n\t\t\t\t<div class=\"elementor-widget-container\">\n\t\t\t\t\t<div class=\"elementor-image-box-wrapper\"><figure class=\"elementor-image-box-img\"><a href=\"#\" tabindex=\"-1\"><img decoding=\"async\" width=\"215\" height=\"192\" src=\"http:\/\/dynasesoramientoeducacional.com.ar\/wp-content\/uploads\/2026\/01\/comunicacion.png\" class=\"elementor-animation-grow attachment-full size-full wp-image-1026\" alt=\"\" \/><\/a><\/figure><div class=\"elementor-image-box-content\"><h4 class=\"elementor-image-box-title\"><a href=\"#\">Comunicaci\u00f3n eficaz: Un puente entre el decir y el hacer.<\/a><\/h4><p class=\"elementor-image-box-description\">Creemos que la falta de una comunicaci\u00f3n eficaz es una de las problem\u00e1ticas que aqueja a las instituciones educativas (y de todo tipo) en la actualidad. Brindamos herramientas situacionales para que la comunicaci\u00f3n eficiente sea la piedra fundamental de la cooperaci\u00f3n y el trabajo en equipo.<\/p><\/div><\/div>\t\t\t\t<\/div>\n\t\t\t\t<\/div>\n\t\t\t\t<div class=\"elementor-element elementor-element-d9b44f7 elementor-widget elementor-widget-heading\" data-id=\"d9b44f7\" data-element_type=\"widget\" data-e-type=\"widget\" data-widget_type=\"heading.default\">\n\t\t\t\t<div class=\"elementor-widget-container\">\n\t\t\t\t\t<h3 class=\"elementor-heading-title elementor-size-default\">Ver M\u00e1s<\/h3>\t\t\t\t<\/div>\n\t\t\t\t<\/div>\n\t\t\t\t<\/div>\n\t\t<div class=\"elementor-element elementor-element-905f72a e-con-full e-flex e-con e-child\" data-id=\"905f72a\" data-element_type=\"container\" data-e-type=\"container\">\n\t\t\t\t<div class=\"elementor-element elementor-element-ed04a79 elementor-position-top elementor-widget elementor-widget-image-box\" data-id=\"ed04a79\" data-element_type=\"widget\" data-e-type=\"widget\" data-widget_type=\"image-box.default\">\n\t\t\t\t<div class=\"elementor-widget-container\">\n\t\t\t\t\t<div class=\"elementor-image-box-wrapper\"><figure class=\"elementor-image-box-img\"><a href=\"#\" tabindex=\"-1\"><img loading=\"lazy\" decoding=\"async\" width=\"194\" height=\"186\" src=\"http:\/\/dynasesoramientoeducacional.com.ar\/wp-content\/uploads\/2026\/01\/manual.png\" class=\"elementor-animation-grow attachment-full size-full wp-image-1028\" alt=\"\" \/><\/a><\/figure><div class=\"elementor-image-box-content\"><h4 class=\"elementor-image-box-title\"><a href=\"#\">Elaboraci\u00f3n de manuales personalizados<\/a><\/h4><p class=\"elementor-image-box-description\">Entendemos como una necesidad la utilizaci\u00f3n de tecnolog\u00edas digitales para mejorar el aprendizaje y la ense\u00f1anza. Entendemos que hoy suelen ser un consumo problem\u00e1tico, pero creemos que formarnos en un uso responsable de las tecnolog\u00edas colabora con una educaci\u00f3n de calidad.\n<\/p><\/div><\/div>\t\t\t\t<\/div>\n\t\t\t\t<\/div>\n\t\t\t\t<div class=\"elementor-element elementor-element-ec42412 elementor-widget elementor-widget-heading\" data-id=\"ec42412\" data-element_type=\"widget\" data-e-type=\"widget\" data-widget_type=\"heading.default\">\n\t\t\t\t<div class=\"elementor-widget-container\">\n\t\t\t\t\t<h3 class=\"elementor-heading-title elementor-size-default\">Ver M\u00e1s<\/h3>\t\t\t\t<\/div>\n\t\t\t\t<\/div>\n\t\t\t\t<\/div>\n\t\t\t\t\t<\/div>\n\t\t\t\t<\/div>\n\t\t\t\t<\/div>\n\t\t<div class=\"elementor-element elementor-element-1925d6db e-con-full e-flex e-con e-parent\" data-id=\"1925d6db\" data-element_type=\"container\" data-e-type=\"container\" data-settings=\"{&quot;background_background&quot;:&quot;classic&quot;}\">\n\t\t\t\t<div class=\"elementor-element elementor-element-4010afe6 elementor-widget elementor-widget-heading\" data-id=\"4010afe6\" data-element_type=\"widget\" data-e-type=\"widget\" data-widget_type=\"heading.default\">\n\t\t\t\t<div class=\"elementor-widget-container\">\n\t\t\t\t\t<p class=\"elementor-heading-title elementor-size-default\">Seg\u00fan  las necesidades y posibilidades de la instituci\u00f3n les ofrecemos distintos tipos de formatos que difieren en el tiempo y por lo tanto la profundidad de abordaje del tema.<\/p>\t\t\t\t<\/div>\n\t\t\t\t<\/div>\n\t\t<div class=\"elementor-element elementor-element-5f6f3b7 e-con-full e-flex e-con e-child\" data-id=\"5f6f3b7\" data-element_type=\"container\" data-e-type=\"container\">\n\t\t<div class=\"elementor-element elementor-element-26eadbdc e-con-full e-flex e-con e-child\" data-id=\"26eadbdc\" data-element_type=\"container\" data-e-type=\"container\">\n\t\t\t\t<div class=\"elementor-element elementor-element-374121d5 elementor-position-top elementor-widget elementor-widget-image-box\" data-id=\"374121d5\" data-element_type=\"widget\" data-e-type=\"widget\" data-widget_type=\"image-box.default\">\n\t\t\t\t<div class=\"elementor-widget-container\">\n\t\t\t\t\t<div class=\"elementor-image-box-wrapper\"><figure class=\"elementor-image-box-img\"><a href=\"#\" tabindex=\"-1\"><img loading=\"lazy\" decoding=\"async\" width=\"284\" height=\"177\" src=\"http:\/\/dynasesoramientoeducacional.com.ar\/wp-content\/uploads\/2025\/01\/dyn-conferencia.png\" class=\"elementor-animation-grow attachment-full size-full wp-image-481\" alt=\"\" \/><\/a><\/figure><div class=\"elementor-image-box-content\"><h4 class=\"elementor-image-box-title\"><a href=\"#\">Conferencia<\/a><\/h4><p class=\"elementor-image-box-description\">Consiste en una exposici\u00f3n de aproximadamente 2 horas de duraci\u00f3n en la que expondremos la tem\u00e1tica y responderemos dudas al respecto. Incluye la entrega a los participantes de material bibliogr\u00e1fico elaborado por DyN.<\/p><\/div><\/div>\t\t\t\t<\/div>\n\t\t\t\t<\/div>\n\t\t\t\t<\/div>\n\t\t<div class=\"elementor-element elementor-element-43618a35 e-con-full e-flex e-con e-child\" data-id=\"43618a35\" data-element_type=\"container\" data-e-type=\"container\">\n\t\t\t\t<div class=\"elementor-element elementor-element-b426aaa elementor-position-top elementor-widget elementor-widget-image-box\" data-id=\"b426aaa\" data-element_type=\"widget\" data-e-type=\"widget\" data-widget_type=\"image-box.default\">\n\t\t\t\t<div class=\"elementor-widget-container\">\n\t\t\t\t\t<div class=\"elementor-image-box-wrapper\"><figure class=\"elementor-image-box-img\"><a href=\"#\" tabindex=\"-1\"><img loading=\"lazy\" decoding=\"async\" width=\"284\" height=\"177\" src=\"http:\/\/dynasesoramientoeducacional.com.ar\/wp-content\/uploads\/2025\/01\/dyn-jornada.png\" class=\"elementor-animation-grow attachment-full size-full wp-image-483\" alt=\"\" \/><\/a><\/figure><div class=\"elementor-image-box-content\"><h4 class=\"elementor-image-box-title\"><a href=\"#\">Taller educacional<\/a><\/h4><p class=\"elementor-image-box-description\">Consiste en un taller de aproximadamente 3 horas de duraci\u00f3n en la que se trabajar\u00e1 la tem\u00e1tica mediante un dispositivo psicosocial. Incluye la entrega a los participantes de material bibliogr\u00e1fico elaborado por DyN.<\/p><\/div><\/div>\t\t\t\t<\/div>\n\t\t\t\t<\/div>\n\t\t\t\t<\/div>\n\t\t<div class=\"elementor-element elementor-element-510600ed e-con-full e-flex e-con e-child\" data-id=\"510600ed\" data-element_type=\"container\" data-e-type=\"container\">\n\t\t\t\t<div class=\"elementor-element elementor-element-43c3c824 elementor-position-top elementor-widget elementor-widget-image-box\" data-id=\"43c3c824\" data-element_type=\"widget\" data-e-type=\"widget\" data-widget_type=\"image-box.default\">\n\t\t\t\t<div class=\"elementor-widget-container\">\n\t\t\t\t\t<div class=\"elementor-image-box-wrapper\"><figure class=\"elementor-image-box-img\"><a href=\"#\" tabindex=\"-1\"><img loading=\"lazy\" decoding=\"async\" width=\"284\" height=\"177\" src=\"http:\/\/dynasesoramientoeducacional.com.ar\/wp-content\/uploads\/2025\/01\/DyN-taller.png\" class=\"elementor-animation-grow attachment-full size-full wp-image-484\" alt=\"\" \/><\/a><\/figure><div class=\"elementor-image-box-content\"><h4 class=\"elementor-image-box-title\"><a href=\"#\">Jornada de Formaci\u00f3n<\/a><\/h4><p class=\"elementor-image-box-description\">Consiste en una jornada de aproximadamente 5 horas de duraci\u00f3n (con un receso) en la que se trabajar\u00e1 la tem\u00e1tica con mayor profundidad que en el taller, pero tambi\u00e9n mediante un dispositivo psicosocial acorde. Incluye la entrega a los participantes de material bibliogr\u00e1fico elaborado por DyN.<\/p><\/div><\/div>\t\t\t\t<\/div>\n\t\t\t\t<\/div>\n\t\t\t\t<\/div>\n\t\t<div class=\"elementor-element elementor-element-6186a6b5 e-con-full e-flex e-con e-child\" data-id=\"6186a6b5\" data-element_type=\"container\" data-e-type=\"container\">\n\t\t\t\t<div class=\"elementor-element elementor-element-171ef7e1 elementor-position-top elementor-widget elementor-widget-image-box\" data-id=\"171ef7e1\" data-element_type=\"widget\" data-e-type=\"widget\" data-widget_type=\"image-box.default\">\n\t\t\t\t<div class=\"elementor-widget-container\">\n\t\t\t\t\t<div class=\"elementor-image-box-wrapper\"><figure class=\"elementor-image-box-img\"><a href=\"#\" tabindex=\"-1\"><img loading=\"lazy\" decoding=\"async\" width=\"284\" height=\"177\" src=\"http:\/\/dynasesoramientoeducacional.com.ar\/wp-content\/uploads\/2025\/01\/dyn-analisis.png\" class=\"elementor-animation-grow attachment-full size-full wp-image-482\" alt=\"\" \/><\/a><\/figure><div class=\"elementor-image-box-content\"><h4 class=\"elementor-image-box-title\"><a href=\"#\">An\u00e1lisis Institucional<\/a><\/h4><p class=\"elementor-image-box-description\">Consiste en una serie de 3 jornadas a realizarse durante el a\u00f1o en donde cada una de ellas dura aproximadamente 6 horas (con un receso). Se trabajar\u00e1 mediante el dispositivo psicosocial acorde a cada jornada y al avance del an\u00e1lisis institucional realizado por DyN.  Incluye la entrega a los participantes de material bibliogr\u00e1fico elaborado por DyN.<\/p><\/div><\/div>\t\t\t\t<\/div>\n\t\t\t\t<\/div>\n\t\t\t\t<\/div>\n\t\t\t\t<\/div>\n\t\t\t\t<\/div>\n\t\t<div class=\"elementor-element elementor-element-156c725e e-flex e-con-boxed e-con e-parent\" data-id=\"156c725e\" data-element_type=\"container\" data-e-type=\"container\" data-settings=\"{&quot;background_background&quot;:&quot;classic&quot;}\">\n\t\t\t\t\t<div class=\"e-con-inner\">\n\t\t\t\t<div class=\"elementor-element elementor-element-17187639 elementor-align-center elementor-widget elementor-widget-button\" data-id=\"17187639\" data-element_type=\"widget\" data-e-type=\"widget\" data-widget_type=\"button.default\">\n\t\t\t\t<div class=\"elementor-widget-container\">\n\t\t\t\t\t\t\t\t\t<div class=\"elementor-button-wrapper\">\n\t\t\t\t\t<a class=\"elementor-button elementor-button-link elementor-size-sm\" href=\"https:\/\/dynasesoramientoeducacional.com.ar\/\">\n\t\t\t\t\t\t<span class=\"elementor-button-content-wrapper\">\n\t\t\t\t\t\t\t\t\t<span class=\"elementor-button-text\">Volver a la p\u00e1gina principal<\/span>\n\t\t\t\t\t<\/span>\n\t\t\t\t\t<\/a>\n\t\t\t\t<\/div>\n\t\t\t\t\t\t\t\t<\/div>\n\t\t\t\t<\/div>\n\t\t\t\t\t<\/div>\n\t\t\t\t<\/div>\n\t\t\t\t<\/div>\n\t\t","protected":false},"excerpt":{"rendered":"<p>Nuestros Programas y servicios Brindamos asesoramiento educacional personalizado para instituciones educativas y empresas. Trabajamos principalmente con las distintas tem\u00e1ticas que pueden ver a continuaci\u00f3n. La tecnolog\u00eda digital como consumo problem\u00e1tico y sus buenas pr\u00e1cticas Entendemos como una necesidad la utilizaci\u00f3n de tecnolog\u00edas digitales para mejorar el aprendizaje y la ense\u00f1anza. Entendemos que hoy suelen ser&hellip;&nbsp;<a href=\"https:\/\/dynasesoramientoeducacional.com.ar\/index.php\/nuestros-programas-y-servicios\/\" rel=\"bookmark\">Leer m\u00e1s &raquo;<span class=\"screen-reader-text\">Nuestros Programas y Servicios<\/span><\/a><\/p>\n","protected":false},"author":1,"featured_media":0,"parent":0,"menu_order":0,"comment_status":"closed","ping_status":"closed","template":"","meta":{"neve_meta_sidebar":"","neve_meta_container":"","neve_meta_enable_content_width":"","neve_meta_content_width":0,"neve_meta_title_alignment":"","neve_meta_author_avatar":"","neve_post_elements_order":"","neve_meta_disable_header":"","neve_meta_disable_footer":"","neve_meta_disable_title":"","footnotes":""},"class_list":["post-392","page","type-page","status-publish","hentry"],"_links":{"self":[{"href":"https:\/\/dynasesoramientoeducacional.com.ar\/index.php\/wp-json\/wp\/v2\/pages\/392","targetHints":{"allow":["GET"]}}],"collection":[{"href":"https:\/\/dynasesoramientoeducacional.com.ar\/index.php\/wp-json\/wp\/v2\/pages"}],"about":[{"href":"https:\/\/dynasesoramientoeducacional.com.ar\/index.php\/wp-json\/wp\/v2\/types\/page"}],"author":[{"embeddable":true,"href":"https:\/\/dynasesoramientoeducacional.com.ar\/index.php\/wp-json\/wp\/v2\/users\/1"}],"replies":[{"embeddable":true,"href":"https:\/\/dynasesoramientoeducacional.com.ar\/index.php\/wp-json\/wp\/v2\/comments?post=392"}],"version-history":[{"count":16,"href":"https:\/\/dynasesoramientoeducacional.com.ar\/index.php\/wp-json\/wp\/v2\/pages\/392\/revisions"}],"predecessor-version":[{"id":1100,"href":"https:\/\/dynasesoramientoeducacional.com.ar\/index.php\/wp-json\/wp\/v2\/pages\/392\/revisions\/1100"}],"wp:attachment":[{"href":"https:\/\/dynasesoramientoeducacional.com.ar\/index.php\/wp-json\/wp\/v2\/media?parent=392"}],"curies":[{"name":"wp","href":"https:\/\/api.w.org\/{rel}","templated":true}]}}