{"id":32,"date":"2025-01-15T03:36:12","date_gmt":"2025-01-15T02:36:12","guid":{"rendered":"https:\/\/xn--dyneducacin-zeb.com.ar\/wp\/?page_id=32"},"modified":"2025-02-06T13:08:04","modified_gmt":"2025-02-06T16:08:04","slug":"blog","status":"publish","type":"page","link":"https:\/\/dynasesoramientoeducacional.com.ar\/index.php\/blog\/","title":{"rendered":"Textos educativos"},"content":{"rendered":"\t\t<div data-elementor-type=\"wp-page\" data-elementor-id=\"32\" class=\"elementor elementor-32\">\n\t\t\t\t<div class=\"elementor-element elementor-element-a8a9a0e e-flex e-con-boxed e-con e-parent\" data-id=\"a8a9a0e\" data-element_type=\"container\" data-e-type=\"container\">\n\t\t\t\t\t<div class=\"e-con-inner\">\n\t\t\t\t<div class=\"elementor-element elementor-element-1a3cf20 elementor-widget elementor-widget-heading\" data-id=\"1a3cf20\" data-element_type=\"widget\" data-e-type=\"widget\" data-widget_type=\"heading.default\">\n\t\t\t\t<div class=\"elementor-widget-container\">\n\t\t\t\t\t<h2 class=\"elementor-heading-title elementor-size-default\">Aqu\u00ed encontrar\u00e1s textos educativos<\/h2>\t\t\t\t<\/div>\n\t\t\t\t<\/div>\n\t\t\t\t\t<\/div>\n\t\t\t\t<\/div>\n\t\t<div class=\"elementor-element elementor-element-939ea46 e-flex e-con-boxed e-con e-parent\" data-id=\"939ea46\" data-element_type=\"container\" data-e-type=\"container\">\n\t\t\t\t\t<div class=\"e-con-inner\">\n\t\t<div class=\"elementor-element elementor-element-e5db2bb e-con-full e-flex e-con e-child\" data-id=\"e5db2bb\" data-element_type=\"container\" data-e-type=\"container\">\n\t\t\t\t<div class=\"elementor-element elementor-element-b2e251b elementor-widget elementor-widget-heading\" data-id=\"b2e251b\" data-element_type=\"widget\" data-e-type=\"widget\" data-widget_type=\"heading.default\">\n\t\t\t\t<div class=\"elementor-widget-container\">\n\t\t\t\t\t<h2 class=\"elementor-heading-title elementor-size-default\">Has clic en las im\u00e1genes para ir a los textos seg\u00fan tu elecci\u00f3n<\/h2>\t\t\t\t<\/div>\n\t\t\t\t<\/div>\n\t\t\t\t<\/div>\n\t\t<div class=\"elementor-element elementor-element-9a001ff e-con-full e-flex e-con e-child\" data-id=\"9a001ff\" data-element_type=\"container\" data-e-type=\"container\">\n\t\t\t\t<div class=\"elementor-element elementor-element-17a5e2d elementor-widget elementor-widget-image\" data-id=\"17a5e2d\" data-element_type=\"widget\" data-e-type=\"widget\" data-widget_type=\"image.default\">\n\t\t\t\t<div class=\"elementor-widget-container\">\n\t\t\t\t\t\t\t\t\t\t\t\t<figure class=\"wp-caption\">\n\t\t\t\t\t\t\t\t\t\t\t<a href=\"https:\/\/dynasesoramientoeducacional.com.ar\/index.php\/category\/textosvarios\/textosdyn\/\">\n\t\t\t\t\t\t\t<img decoding=\"async\" width=\"181\" height=\"149\" src=\"https:\/\/dynasesoramientoeducacional.com.ar\/wp-content\/uploads\/2025\/01\/Papers-05.png\" class=\"attachment-large size-large wp-image-605\" alt=\"\" \/>\t\t\t\t\t\t\t\t<\/a>\n\t\t\t\t\t\t\t\t\t\t\t<figcaption class=\"widget-image-caption wp-caption-text\">Textos de autoria de los integrantes de DyN<\/figcaption>\n\t\t\t\t\t\t\t\t\t\t<\/figure>\n\t\t\t\t\t\t\t\t\t<\/div>\n\t\t\t\t<\/div>\n\t\t\t\t<\/div>\n\t\t<div class=\"elementor-element elementor-element-a6ab275 e-con-full e-flex e-con e-child\" data-id=\"a6ab275\" data-element_type=\"container\" data-e-type=\"container\">\n\t\t\t\t<div class=\"elementor-element elementor-element-b504cf6 elementor-widget elementor-widget-image\" data-id=\"b504cf6\" data-element_type=\"widget\" data-e-type=\"widget\" data-widget_type=\"image.default\">\n\t\t\t\t<div class=\"elementor-widget-container\">\n\t\t\t\t\t\t\t\t\t\t\t\t<figure class=\"wp-caption\">\n\t\t\t\t\t\t\t\t\t\t\t<a href=\"https:\/\/dynasesoramientoeducacional.com.ar\/index.php\/category\/textosvarios\/textos-de-otros-autores\/\">\n\t\t\t\t\t\t\t<img decoding=\"async\" width=\"128\" height=\"128\" src=\"https:\/\/dynasesoramientoeducacional.com.ar\/wp-content\/uploads\/2025\/01\/Stack-Of-Books.png\" class=\"attachment-large size-large wp-image-606\" alt=\"\" \/>\t\t\t\t\t\t\t\t<\/a>\n\t\t\t\t\t\t\t\t\t\t\t<figcaption class=\"widget-image-caption wp-caption-text\">Textos de otros autores (de uso libre)<\/figcaption>\n\t\t\t\t\t\t\t\t\t\t<\/figure>\n\t\t\t\t\t\t\t\t\t<\/div>\n\t\t\t\t<\/div>\n\t\t\t\t<\/div>\n\t\t\t\t\t<\/div>\n\t\t\t\t<\/div>\n\t\t\t\t<\/div>\n\t\t","protected":false},"excerpt":{"rendered":"<p>Aqu\u00ed encontrar\u00e1s textos educativos Has clic en las im\u00e1genes para ir a los textos seg\u00fan tu elecci\u00f3n Textos de autoria de los integrantes de DyN Textos de otros autores (de uso libre)<\/p>\n","protected":false},"author":1,"featured_media":0,"parent":0,"menu_order":0,"comment_status":"closed","ping_status":"closed","template":"page-templates\/template-pagebuilder-full-width.php","meta":{"neve_meta_sidebar":"","neve_meta_container":"","neve_meta_enable_content_width":"on","neve_meta_content_width":100,"neve_meta_title_alignment":"","neve_meta_author_avatar":"","neve_post_elements_order":"","neve_meta_disable_header":"","neve_meta_disable_footer":"","neve_meta_disable_title":"on","footnotes":""},"class_list":["post-32","page","type-page","status-publish","hentry"],"_links":{"self":[{"href":"https:\/\/dynasesoramientoeducacional.com.ar\/index.php\/wp-json\/wp\/v2\/pages\/32","targetHints":{"allow":["GET"]}}],"collection":[{"href":"https:\/\/dynasesoramientoeducacional.com.ar\/index.php\/wp-json\/wp\/v2\/pages"}],"about":[{"href":"https:\/\/dynasesoramientoeducacional.com.ar\/index.php\/wp-json\/wp\/v2\/types\/page"}],"author":[{"embeddable":true,"href":"https:\/\/dynasesoramientoeducacional.com.ar\/index.php\/wp-json\/wp\/v2\/users\/1"}],"replies":[{"embeddable":true,"href":"https:\/\/dynasesoramientoeducacional.com.ar\/index.php\/wp-json\/wp\/v2\/comments?post=32"}],"version-history":[{"count":11,"href":"https:\/\/dynasesoramientoeducacional.com.ar\/index.php\/wp-json\/wp\/v2\/pages\/32\/revisions"}],"predecessor-version":[{"id":672,"href":"https:\/\/dynasesoramientoeducacional.com.ar\/index.php\/wp-json\/wp\/v2\/pages\/32\/revisions\/672"}],"wp:attachment":[{"href":"https:\/\/dynasesoramientoeducacional.com.ar\/index.php\/wp-json\/wp\/v2\/media?parent=32"}],"curies":[{"name":"wp","href":"https:\/\/api.w.org\/{rel}","templated":true}]}}